{"id":12,"date":"2021-06-06T12:19:05","date_gmt":"2021-06-06T10:19:05","guid":{"rendered":"https:\/\/ecolearn.eu\/academy\/widerrufsbelehrung\/"},"modified":"2025-07-17T11:12:13","modified_gmt":"2025-07-17T09:12:13","slug":"widerrufsbelehrung","status":"publish","type":"page","link":"https:\/\/ecolearn.de\/en\/academy\/widerrufsbelehrung\/","title":{"rendered":"Cancellation policy"},"content":{"rendered":"<div data-elementor-type=\"wp-page\" data-elementor-id=\"12\" class=\"elementor elementor-12\" data-elementor-post-type=\"page\">\n\t\t\t\t\t\t<article class=\"elementor-section elementor-top-section elementor-element elementor-element-7a4a0c6 elementor-section-boxed elementor-section-height-default elementor-section-height-default\" data-id=\"7a4a0c6\" data-element_type=\"section\" data-e-type=\"section\">\n\t\t\t\t\t\t<div class=\"elementor-container elementor-column-gap-default\">\n\t\t\t\t\t<div class=\"elementor-column elementor-col-100 elementor-top-column elementor-element elementor-element-d16b46e\" data-id=\"d16b46e\" data-element_type=\"column\" data-e-type=\"column\">\n\t\t\t<div class=\"elementor-widget-wrap elementor-element-populated\">\n\t\t\t\t\t\t<div class=\"elementor-element elementor-element-740a75b elementor-widget elementor-widget-heading\" data-id=\"740a75b\" data-element_type=\"widget\" data-e-type=\"widget\" data-widget_type=\"heading.default\">\n\t\t\t\t<div class=\"elementor-widget-container\">\n\t\t\t\t\t<h1 class=\"elementor-heading-title elementor-size-default\">Cancellation policy<\/h1>\t\t\t\t<\/div>\n\t\t\t\t<\/div>\n\t\t\t\t<div class=\"elementor-element elementor-element-904d898 elementor-widget elementor-widget-shortcode\" data-id=\"904d898\" data-element_type=\"widget\" data-e-type=\"widget\" data-widget_type=\"shortcode.default\">\n\t\t\t\t<div class=\"elementor-widget-container\">\n\t\t\t\t\t\t\t<div class=\"elementor-shortcode\"><p>&nbsp;<\/p>\r\n                                                          \r\n                                            <div class=\"janolaw-paragraph\">\r\n\t\t\t\t\t\t\t\t<\/div>\r\n\t\t\t\t\t\t\t\t<div class=\"janolaw-text\">\r\n                   \r\n                    <p><strong>Right of cancellation<\/strong><\/p>\r\n<p><\/p>\r\n<p>You have the right to cancel this contract within fourteen days without giving any reason.<\/p>\r\n<p><\/p>\r\n<p>The cancellation period is fourteen days from the day the contract is concluded.<\/p>\r\n<p><\/p>\r\n<p style=\"text-align: justify;\">To exercise your right of cancellation, you must contact us (ecolearn Inga-Lill Kuhne, Dr. Michael Marmann GbR, Erkrather Stra\u00dfe 401, 40231 D\u00fcsseldorf, <span style=\"display:inline;unicode-bidi:bidi-override;direction:rtl;\" class=\"\">ed.nraeloce<span style=\"display:none;\">obfsctd-440c30<\/span>@ofni<\/span>(telephone: +49 211 2486203-0) of your decision to withdraw from this contract by an unequivocal statement (e.g. a letter sent by post, fax or e-mail). You can use the attached sample cancellation form, but this is not mandatory.<\/p>\r\n<p><\/p>\r\n<p style=\"text-align: justify;\">To meet the cancellation deadline, it is sufficient for you to send your notification of exercising your right of cancellation before the cancellation period expires.<\/p>\r\n<p><\/p>\r\n<p><\/p>\r\n<p><strong>Consequences of cancellation<\/strong><\/p>\r\n<p><\/p>\r\n<p style=\"text-align: justify;\">If you withdraw from this contract, we shall reimburse to you all payments received from you, including the costs of delivery (with the exception of the supplementary costs resulting from your choice of a type of delivery other than the least expensive type of standard delivery offered by us), without undue delay and in any event not later than 14 days from the day on which we are informed about your decision to withdraw from this contract. For this repayment, we will use the same means of payment that you used for the original transaction, unless expressly agreed otherwise with you; in no case will you be charged any fees for this repayment.<\/p>\r\n\t\t\t\t\t<p>&nbsp;<\/p>\r\n                <\/div>\r\n\t\t\t\t            \r\n                       \r\n                                \r\n                                                <div class=\"janolaw-paragraph\">\r\n\t\t\t\t\t\t\t\t\t\t<\/div>\r\n\t\t\t\t\t<div class=\"janolaw-text\">\r\n                        <p class=\"Paragraph\">This document was created and is updated with the technology of the <a href=\"https:\/\/www.janolaw.de\" target=\"_blank\" rel=\"noopener\">janolaw GmbH.<\/a><\/p>\r\n                    <\/div>\r\n                            \r\n                       \r\n        \r\n<br \/><br \/><a class=\"janolaw-pdflink\" href=\"https:\/\/www.janolaw.de\/agb-service\/shops\/100282410\/701418\/de\/revocation.pdf\" target=\"_blank\" rel=\"noopener\">Download as PDF<\/a>\n<p>&nbsp;<\/p>\r\n                                                          \r\n                                            <div class=\"janolaw-paragraph\">\r\n\t\t\t\t\t\t\t\t<\/div>\r\n\t\t\t\t\t\t\t\t<div class=\"janolaw-text\">\r\n                   \r\n                    <p>(If you wish to cancel the contract, please complete and return this form).<\/p>\r\n<p><\/p>\r\n<p>To<\/p>\r\n<p>ecolearn Inga-Lill Kuhne, Dr Michael Marmann GbR<\/p>\r\n<p>Erkrather Street 401<\/p>\r\n<p>40231 D\u00fcsseldorf<\/p>\r\n<p><span style=\"line-height: 1.5em;\"><span style=\"display:inline;unicode-bidi:bidi-override;direction:rtl;\" class=\"\">ed.nraeloce<span style=\"display:none;\">obfsctd-6b61f8<\/span>@ofni<\/span><\/span><\/p>\r\n<p><\/p>\r\n<p><\/p>\r\n<p>I\/we (*) hereby cancel the contract concluded by me\/us (*) for the purchase of the following goods (*) \/ the provision of the following service (*)<\/p>\r\n<p>_______________________________________________<\/p>\r\n<p>_______________________________________________<\/p>\r\n<p><\/p>\r\n<p>Ordered on ___________________ (*)\/received on _______________________(*)<\/p>\r\n<p><\/p>\r\n<p>Name of the consumer(s) ______________________________________<\/p>\r\n<p>Address of the consumer(s)<\/p>\r\n<p>_________________________________<\/p>\r\n<p>_________________________________<\/p>\r\n<p>_________________________________<\/p>\r\n<p><\/p>\r\n<p class=\"Paragraph\">Datum:________________<\/p>\r\n<p><\/p>\r\n<p class=\"Paragraph\">Unterschrift des\/der Verbraucher(s):___________________________________________<\/p>\r\n<p class=\"Paragraph\"><em>(only for communication on paper)<\/em><\/p>\r\n<p><\/p>\r\n<p><\/p>\r\n<p>(*) Delete as appropriate<\/p>\r\n\t\t\t\t\t<p>&nbsp;<\/p>\r\n                <\/div>\r\n\t\t\t\t            \r\n                       \r\n        \r\n<br \/><br \/><a class=\"janolaw-pdflink\" href=\"https:\/\/www.janolaw.de\/agb-service\/shops\/100282410\/701418\/de\/model-withdrawal-form.pdf\" target=\"_blank\" rel=\"noopener\">Download as PDF<\/a><\/div>\n\t\t\t\t\t\t<\/div>\n\t\t\t\t<\/div>\n\t\t\t\t<div class=\"elementor-element elementor-element-fc4f36b elementor-hidden-desktop elementor-hidden-tablet elementor-hidden-mobile elementor-widget elementor-widget-text-editor\" data-id=\"fc4f36b\" data-element_type=\"widget\" data-e-type=\"widget\" data-widget_type=\"text-editor.default\">\n\t\t\t\t<div class=\"elementor-widget-container\">\n\t\t\t\t\t\t\t\t\t<p><strong><br \/>Right of cancellation for consumers<\/strong><\/p><p>(A consumer is any natural person who enters into a legal transaction for purposes that are predominantly outside their trade, business or profession).<\/p><h3>Cancellation policy<\/h3><p><strong>Right of cancellation<\/strong><\/p><p>You have the right to cancel this contract within fourteen days without giving any reason.<\/p><p>The cancellation period is fourteen days from the day the contract is concluded.<\/p><p>To exercise your right of cancellation, you must contact us (ecolearn Inga-Lill Kuhne, Dr. Michael Marmann GbR, Erkrather Stra\u00dfe 401, 40231 D\u00fcsseldorf, Germany, telephone number: +49 211 2486203-0, e-mail address: <span style=\"display:inline;unicode-bidi:bidi-override;direction:rtl;\" class=\"\">ed.nraeloce<span style=\"display:none;\">obfsctd-72d3b1<\/span>@ofni<\/span>) of your decision to withdraw from this contract by an unequivocal statement (e.g. a letter sent by post, e-mail). You can use the attached sample cancellation form, but this is not mandatory.<\/p><p>To meet the cancellation deadline, it is sufficient for you to send your notification of exercising your right of cancellation before the cancellation period expires.<\/p><p><strong>Consequences of cancellation<\/strong><\/p><p>If you withdraw from this contract, we shall reimburse to you all payments received from you, including the costs of delivery (with the exception of the supplementary costs resulting from your choice of a type of delivery other than the least expensive type of standard delivery offered by us), without undue delay and in any event not later than 14 days from the day on which we are informed about your decision to withdraw from this contract. For this repayment, we will use the same means of payment that you used for the original transaction, unless expressly agreed otherwise with you; in no case will you be charged any fees for this repayment.<\/p><h1>\u00a0<\/h1><h1>\u00a0<\/h1><h3>Sample cancellation form<\/h3><p>(If you wish to cancel the contract, please complete and return this form).<\/p><p>To<br \/>ecolearn Inga-Lill Kuhne, Dr Michael Marmann GbR<br \/>Erkrather Street 401<br \/>40231 D\u00fcsseldorf, Germany<br \/><span style=\"display:inline;unicode-bidi:bidi-override;direction:rtl;\" class=\"\">ed.nraeloce<span style=\"display:none;\">obfsctd-29d339<\/span>@ofni<\/span><\/p><p>I\/we (*) hereby cancel the contract concluded by me\/us (*) for the purchase of the following goods (*)\/the provision of the following service (*)<br \/>_______________________________________________________________________________________________<br \/>_______________________________________________________________________________________________<\/p><p>Ordered on _________________________________(*) \/ received on _________________________________(*)<\/p><p>Name des\/der Verbraucher(s) _________________________________________________________________<br \/>Address of the consumer(s)<br \/>__________________________________________________________________<br \/>__________________________________________________________________<br \/>__________________________________________________________________<\/p><p>Date: _________________________________<\/p><p>Signature of the consumer(s): ______________________________<br \/>(only for communication on paper)<\/p><p>(*) Delete as appropriate.<\/p>\t\t\t\t\t\t\t\t<\/div>\n\t\t\t\t<\/div>\n\t\t\t\t\t<\/div>\n\t\t<\/div>\n\t\t\t\t\t<\/div>\n\t\t<\/article>\n\t\t\t\t<\/div>","protected":false},"excerpt":{"rendered":"<p>Widerrufs&shy;belehrung Widerrufs\u00adrecht f\u00fcr Verbraucher (Verbraucher ist jede nat\u00fcrliche Person, die ein Rechtsgesch\u00e4ft zu Zwecken abschlie\u00dft, die \u00fcberwiegend weder ihrer gewerblichen noch ihrer selbstst\u00e4ndigen beruflichen T\u00e4tigkeit zugerechnet werden kann.) Widerrufs\u00adbelehrung Widerrufs\u00adrecht Sie haben das Recht, binnen vierzehn Tagen ohne Angabe von Gr\u00fcnden diesen Vertrag zu widerrufen. Die Widerrufsfrist betr\u00e4gt vierzehn Tage ab dem Tag des Vertragsabschlusses. [&hellip;]<\/p>\n","protected":false},"author":1,"featured_media":0,"parent":47,"menu_order":70,"comment_status":"closed","ping_status":"closed","template":"","meta":{"site-sidebar-layout":"default","site-content-layout":"default","ast-site-content-layout":"default","site-content-style":"default","site-sidebar-style":"default","ast-global-header-display":"","ast-banner-title-visibility":"","ast-main-header-display":"","ast-hfb-above-header-display":"","ast-hfb-below-header-display":"","ast-hfb-mobile-header-display":"","site-post-title":"disabled","ast-breadcrumbs-content":"","ast-featured-img":"","footer-sml-layout":"","ast-disable-related-posts":"","theme-transparent-header-meta":"default","adv-header-id-meta":"","stick-header-meta":"","header-above-stick-meta":"","header-main-stick-meta":"","header-below-stick-meta":"","astra-migrate-meta-layouts":"default","ast-page-background-enabled":"default","ast-page-background-meta":{"desktop":{"background-color":"","background-image":"","background-repeat":"repeat","background-position":"center center","background-size":"auto","background-attachment":"scroll","background-type":"","background-media":"","overlay-type":"","overlay-color":"","overlay-opacity":"","overlay-gradient":""},"tablet":{"background-color":"","background-image":"","background-repeat":"repeat","background-position":"center center","background-size":"auto","background-attachment":"scroll","background-type":"","background-media":"","overlay-type":"","overlay-color":"","overlay-opacity":"","overlay-gradient":""},"mobile":{"background-color":"","background-image":"","background-repeat":"repeat","background-position":"center center","background-size":"auto","background-attachment":"scroll","background-type":"","background-media":"","overlay-type":"","overlay-color":"","overlay-opacity":"","overlay-gradient":""}},"ast-content-background-meta":{"desktop":{"background-color":"var(--ast-global-color-5)","background-image":"","background-repeat":"repeat","background-position":"center center","background-size":"auto","background-attachment":"scroll","background-type":"","background-media":"","overlay-type":"","overlay-color":"","overlay-opacity":"","overlay-gradient":""},"tablet":{"background-color":"var(--ast-global-color-5)","background-image":"","background-repeat":"repeat","background-position":"center center","background-size":"auto","background-attachment":"scroll","background-type":"","background-media":"","overlay-type":"","overlay-color":"","overlay-opacity":"","overlay-gradient":""},"mobile":{"background-color":"var(--ast-global-color-5)","background-image":"","background-repeat":"repeat","background-position":"center center","background-size":"auto","background-attachment":"scroll","background-type":"","background-media":"","overlay-type":"","overlay-color":"","overlay-opacity":"","overlay-gradient":""}},"footnotes":""},"categories":[],"tags":[],"class_list":["post-12","page","type-page","status-publish","hentry"],"_links":{"self":[{"href":"https:\/\/ecolearn.de\/en\/wp-json\/wp\/v2\/pages\/12","targetHints":{"allow":["GET"]}}],"collection":[{"href":"https:\/\/ecolearn.de\/en\/wp-json\/wp\/v2\/pages"}],"about":[{"href":"https:\/\/ecolearn.de\/en\/wp-json\/wp\/v2\/types\/page"}],"author":[{"embeddable":true,"href":"https:\/\/ecolearn.de\/en\/wp-json\/wp\/v2\/users\/1"}],"replies":[{"embeddable":true,"href":"https:\/\/ecolearn.de\/en\/wp-json\/wp\/v2\/comments?post=12"}],"version-history":[{"count":3,"href":"https:\/\/ecolearn.de\/en\/wp-json\/wp\/v2\/pages\/12\/revisions"}],"predecessor-version":[{"id":18615,"href":"https:\/\/ecolearn.de\/en\/wp-json\/wp\/v2\/pages\/12\/revisions\/18615"}],"up":[{"embeddable":true,"href":"https:\/\/ecolearn.de\/en\/wp-json\/wp\/v2\/pages\/47"}],"wp:attachment":[{"href":"https:\/\/ecolearn.de\/en\/wp-json\/wp\/v2\/media?parent=12"}],"wp:term":[{"taxonomy":"category","embeddable":true,"href":"https:\/\/ecolearn.de\/en\/wp-json\/wp\/v2\/categories?post=12"},{"taxonomy":"post_tag","embeddable":true,"href":"https:\/\/ecolearn.de\/en\/wp-json\/wp\/v2\/tags?post=12"}],"curies":[{"name":"wp","href":"https:\/\/api.w.org\/{rel}","templated":true}]}}