{"id":16595,"date":"2025-03-25T14:21:09","date_gmt":"2025-03-25T13:21:09","guid":{"rendered":"https:\/\/ecolearn.de\/?page_id=16595"},"modified":"2025-03-25T14:25:40","modified_gmt":"2025-03-25T13:25:40","slug":"fehler-404","status":"publish","type":"page","link":"https:\/\/ecolearn.de\/en\/fehler-404\/","title":{"rendered":"Your access has been blocked (Error 404)"},"content":{"rendered":"<p>Oops! The page you tried to access does not exist (404 error).<\/p>\n\n\n\n<p>For security reasons, our system has temporarily blocked your IP address to prevent possible attacks. Don't worry - this can also happen if you have simply entered an incorrect address!<\/p>\n\n\n\n<p><strong>What can you do?<\/strong><\/p>\n\n\n\n<p>Wait briefly. The lock is temporary and is automatically cancelled after 5 minutes. Then try again.<\/p>\n\n\n\n<p>If you urgently need access, you can also use a different Internet connection (e.g. mobile phone or VPN) to obtain a new IP address.<\/p>\n\n\n\n<p>We apologise for the inconvenience and thank you for your understanding!<\/p>\n\n\n\n<p><\/p>","protected":false},"excerpt":{"rendered":"<p>Hoppla! Die Seite, die Sie aufrufen wollten, existiert nicht (404-Fehler). Aus Sicherheitsgr\u00fcnden hat unser System Ihre IP-Adresse vor\u00fcbergehend blockiert, um m\u00f6gliche Angriffe zu verhindern. Keine Sorge \u2013 das kann auch passieren, wenn Sie einfach eine falsche Adresse eingegeben haben! Was k\u00f6nnen Sie tun? Warten Sie kurz. Die Sperre ist zeitlich begrenzt und wird automatisch nach [&hellip;]<\/p>\n","protected":false},"author":2,"featured_media":0,"parent":0,"menu_order":0,"comment_status":"closed","ping_status":"closed","template":"","meta":{"site-sidebar-layout":"default","site-content-layout":"","ast-site-content-layout":"default","site-content-style":"default","site-sidebar-style":"default","ast-global-header-display":"","ast-banner-title-visibility":"","ast-main-header-display":"","ast-hfb-above-header-display":"","ast-hfb-below-header-display":"","ast-hfb-mobile-header-display":"","site-post-title":"","ast-breadcrumbs-content":"","ast-featured-img":"","footer-sml-layout":"","ast-disable-related-posts":"","theme-transparent-header-meta":"","adv-header-id-meta":"","stick-header-meta":"","header-above-stick-meta":"","header-main-stick-meta":"","header-below-stick-meta":"","astra-migrate-meta-layouts":"set","ast-page-background-enabled":"default","ast-page-background-meta":{"desktop":{"background-color":"","background-image":"","background-repeat":"repeat","background-position":"center center","background-size":"auto","background-attachment":"scroll","background-type":"","background-media":"","overlay-type":"","overlay-color":"","overlay-opacity":"","overlay-gradient":""},"tablet":{"background-color":"","background-image":"","background-repeat":"repeat","background-position":"center center","background-size":"auto","background-attachment":"scroll","background-type":"","background-media":"","overlay-type":"","overlay-color":"","overlay-opacity":"","overlay-gradient":""},"mobile":{"background-color":"","background-image":"","background-repeat":"repeat","background-position":"center center","background-size":"auto","background-attachment":"scroll","background-type":"","background-media":"","overlay-type":"","overlay-color":"","overlay-opacity":"","overlay-gradient":""}},"ast-content-background-meta":{"desktop":{"background-color":"var(--ast-global-color-5)","background-image":"","background-repeat":"repeat","background-position":"center center","background-size":"auto","background-attachment":"scroll","background-type":"","background-media":"","overlay-type":"","overlay-color":"","overlay-opacity":"","overlay-gradient":""},"tablet":{"background-color":"var(--ast-global-color-5)","background-image":"","background-repeat":"repeat","background-position":"center center","background-size":"auto","background-attachment":"scroll","background-type":"","background-media":"","overlay-type":"","overlay-color":"","overlay-opacity":"","overlay-gradient":""},"mobile":{"background-color":"var(--ast-global-color-5)","background-image":"","background-repeat":"repeat","background-position":"center center","background-size":"auto","background-attachment":"scroll","background-type":"","background-media":"","overlay-type":"","overlay-color":"","overlay-opacity":"","overlay-gradient":""}},"footnotes":""},"categories":[],"tags":[],"class_list":["post-16595","page","type-page","status-publish","hentry"],"_links":{"self":[{"href":"https:\/\/ecolearn.de\/en\/wp-json\/wp\/v2\/pages\/16595","targetHints":{"allow":["GET"]}}],"collection":[{"href":"https:\/\/ecolearn.de\/en\/wp-json\/wp\/v2\/pages"}],"about":[{"href":"https:\/\/ecolearn.de\/en\/wp-json\/wp\/v2\/types\/page"}],"author":[{"embeddable":true,"href":"https:\/\/ecolearn.de\/en\/wp-json\/wp\/v2\/users\/2"}],"replies":[{"embeddable":true,"href":"https:\/\/ecolearn.de\/en\/wp-json\/wp\/v2\/comments?post=16595"}],"version-history":[{"count":6,"href":"https:\/\/ecolearn.de\/en\/wp-json\/wp\/v2\/pages\/16595\/revisions"}],"predecessor-version":[{"id":18356,"href":"https:\/\/ecolearn.de\/en\/wp-json\/wp\/v2\/pages\/16595\/revisions\/18356"}],"wp:attachment":[{"href":"https:\/\/ecolearn.de\/en\/wp-json\/wp\/v2\/media?parent=16595"}],"wp:term":[{"taxonomy":"category","embeddable":true,"href":"https:\/\/ecolearn.de\/en\/wp-json\/wp\/v2\/categories?post=16595"},{"taxonomy":"post_tag","embeddable":true,"href":"https:\/\/ecolearn.de\/en\/wp-json\/wp\/v2\/tags?post=16595"}],"curies":[{"name":"wp","href":"https:\/\/api.w.org\/{rel}","templated":true}]}}